{"id":94,"date":"2019-12-16T20:08:13","date_gmt":"2019-12-16T17:08:13","guid":{"rendered":"https:\/\/tmsrubber.com\/?page_id=94"},"modified":"2021-07-12T18:37:06","modified_gmt":"2021-07-12T15:37:06","slug":"our-values-3","status":"publish","type":"page","link":"https:\/\/tmsrubber.com\/tr\/our-values-3\/","title":{"rendered":"DE\u011eERLER\u0130M\u0130Z"},"content":{"rendered":"<p>[vc_row][vc_column width=&#8221;1\/2&#8243;][vc_single_image image=&#8221;669&#8243; img_size=&#8221;full&#8221;][\/vc_column][vc_column width=&#8221;1\/2&#8243;][vc_column_text]<\/p>\n<h3>M\u00dcKEMMELL\u0130K \u0130\u00c7\u0130N \u00c7ALI\u015eMAK<\/h3>\n<p>TMS Kau\u00e7uk, m\u00fchendislerinin yeteneklerini ve becerilerini m\u00fc\u015fterilerin ihtiya\u00e7lar\u0131n\u0131 kar\u015f\u0131lamak i\u00e7in m\u00fcmk\u00fcn olan en iyi \u015fekilde kullan\u0131r.[\/vc_column_text][vc_column_text]<\/p>\n<h3>B\u00dcT\u00dcNL\u00dcK<\/h3>\n<p>TMS Kau\u00e7uk, her bir \u00fcr\u00fcn i\u00e7in yap\u0131lmas\u0131 gerekenleri do\u011fru ve g\u00fcvenilir bir \u015fekilde yaparak y\u00fcksek kaliteli \u00fcr\u00fcnler \u00fcretir. TMS Kau\u00e7uk, \u00fcr\u00fcnlerini g\u00fc\u00e7l\u00fc ahlaki ve etik de\u011ferleri bir b\u00fct\u00fcn olarak en \u00fcst d\u00fczeyde tutarak m\u00fc\u015fterilerine sunmay\u0131 taahh\u00fct eder.[\/vc_column_text][vc_column_text]<\/p>\n<h3>YEN\u0130L\u0130K\u00c7\u0130L\u0130K<\/h3>\n<p>TMS Kau\u00e7uk, ara\u015ft\u0131rma ve geli\u015ftirme ekibinin ve sekt\u00f6rdeki ba\u015far\u0131l\u0131 m\u00fchendislerin yard\u0131m\u0131yla m\u00fc\u015fterilerin ve pazarlar\u0131n ihtiya\u00e7 duydu\u011fu yeni y\u00f6ntemler, \u00fcr\u00fcnler ve fikirler geli\u015ftirme yetene\u011fine sahiptir.[\/vc_column_text][vc_column_text]<\/p>\n<h3>\u0130\u015eB\u0130RL\u0130\u011e\u0130<\/h3>\n<p>TMS Kau\u00e7uk, m\u00fc\u015fterilerini en \u00fcst d\u00fczeyde memnun etmek i\u00e7in kau\u00e7uk, metal ve kau\u00e7uk-metal \u00fcr\u00fcnleri \u00fcretmek \u00fczere m\u00fchendisler, y\u00f6neticiler ve di\u011fer t\u00fcm \u00e7al\u0131\u015fanlar\u0131 ile birlikte bir b\u00fct\u00fcn olarak \u00e7al\u0131\u015f\u0131rlar.[\/vc_column_text][vc_column_text]<\/p>\n<h3>G\u00dcVEN\u0130L\u0130RL\u0130K<\/h3>\n<p>TMS Kau\u00e7uk, \u00fcr\u00fcnlerini \u00fcretirken tutarl\u0131l\u0131k g\u00f6stermektedir. MARS taraf\u0131ndan \u00fcretilen t\u00fcm \u00fcr\u00fcnlerin kalite d\u00fczeyleri m\u00fc\u015fteri isteklerine bire bir uymaktad\u0131r.[\/vc_column_text][\/vc_column][\/vc_row]<\/p>","protected":false},"excerpt":{"rendered":"<p>[vc_row][vc_column width=&#8221;1\/2&#8243;][vc_single_image image=&#8221;669&#8243; img_size=&#8221;full&#8221;][\/vc_column][vc_column width=&#8221;1\/2&#8243;][vc_column_text] M\u00dcKEMMELL\u0130K \u0130\u00c7\u0130N \u00c7ALI\u015eMAK TMS Kau\u00e7uk, m\u00fchendislerinin yeteneklerini ve becerilerini m\u00fc\u015fterilerin ihtiya\u00e7lar\u0131n\u0131 kar\u015f\u0131lamak i\u00e7in m\u00fcmk\u00fcn olan en iyi \u015fekilde kullan\u0131r.[\/vc_column_text][vc_column_text] B\u00dcT\u00dcNL\u00dcK TMS<span class=\"excerpt-hellip\"> [\u2026]<\/span><\/p>\n","protected":false},"author":1,"featured_media":16,"parent":0,"menu_order":0,"comment_status":"open","ping_status":"open","template":"","meta":[],"_links":{"self":[{"href":"https:\/\/tmsrubber.com\/tr\/wp-json\/wp\/v2\/pages\/94"}],"collection":[{"href":"https:\/\/tmsrubber.com\/tr\/wp-json\/wp\/v2\/pages"}],"about":[{"href":"https:\/\/tmsrubber.com\/tr\/wp-json\/wp\/v2\/types\/page"}],"author":[{"embeddable":true,"href":"https:\/\/tmsrubber.com\/tr\/wp-json\/wp\/v2\/users\/1"}],"replies":[{"embeddable":true,"href":"https:\/\/tmsrubber.com\/tr\/wp-json\/wp\/v2\/comments?post=94"}],"version-history":[{"count":11,"href":"https:\/\/tmsrubber.com\/tr\/wp-json\/wp\/v2\/pages\/94\/revisions"}],"predecessor-version":[{"id":671,"href":"https:\/\/tmsrubber.com\/tr\/wp-json\/wp\/v2\/pages\/94\/revisions\/671"}],"wp:featuredmedia":[{"embeddable":true,"href":"https:\/\/tmsrubber.com\/tr\/wp-json\/wp\/v2\/media\/16"}],"wp:attachment":[{"href":"https:\/\/tmsrubber.com\/tr\/wp-json\/wp\/v2\/media?parent=94"}],"curies":[{"name":"wp","href":"https:\/\/api.w.org\/{rel}","templated":true}]}}