{"id":226,"date":"2020-01-17T10:46:43","date_gmt":"2020-01-17T07:46:43","guid":{"rendered":"https:\/\/tmsrubber.com\/?page_id=226"},"modified":"2021-07-12T15:02:09","modified_gmt":"2021-07-12T12:02:09","slug":"commercial-vehicles-trucks","status":"publish","type":"page","link":"https:\/\/tmsrubber.com\/tr\/commercial-vehicles-trucks\/","title":{"rendered":"T\u0130CAR\u0130 ARA\u00c7LAR VE KAMYONLAR"},"content":{"rendered":"<p>[vc_row css=&#8221;.vc_custom_1594292750625{padding-top: 20px !important;}&#8221;][vc_column][vc_column_text]<\/p>\n<h1 align=\"center\">T\u0130CAR\u0130 ARA\u00c7LAR VE KAMYONLAR<\/h1>\n<p>Uzun y\u0131llara dayanan uzmanl\u0131\u011f\u0131 ve geni\u015f mesleki bilgi birikimi ile TMS Kau\u00e7uk, her t\u00fcrl\u00fc ticari ara\u00e7 i\u00e7in s\u00fcspansiyon \u00e7\u00f6z\u00fcmleri geli\u015ftirmektedir. Titre\u015fim s\u00f6n\u00fcmleyici \u00fcr\u00fcnlerimiz, yolcular, \u015f\u00f6f\u00f6rler ve operat\u00f6rler i\u00e7in g\u00fcr\u00fclt\u00fc ve titre\u015fimi en aza indirmenin yan\u0131 s\u0131ra elektrikli ve mekanik bile\u015fenlerin \u00f6mr\u00fcn\u00fc ve g\u00fcvenilirli\u011fini art\u0131rmak i\u00e7in kullan\u0131l\u0131r. \u00dcretim, y\u00f6netim ve kalite konular\u0131nda uzmanla\u015fm\u0131\u015f deneyimli kadrosu ile TMS Kau\u00e7uk, modern ekipman ve aletleri ile birlikte, birle\u015ftirme, kal\u0131plama ve vulkanizasyon da dahil olmak \u00fczere gerekli t\u00fcm faaliyetleri ger\u00e7ekle\u015ftirebilecek entegre bir tesise sahiptir. TMS Kau\u00e7uk taraf\u0131ndan \u00fcretilen her \u00fcr\u00fcn modern laboratuvarlarda hammaddeden bitmi\u015f \u00fcr\u00fcne kadar her a\u015famada profesyonel kalite teknisyenleri taraf\u0131ndan kalite kontrol\u00fcne tabi tutulur. \u00dcretti\u011fimiz kau\u00e7uk bile\u015fenleri ve bitmi\u015f \u00fcr\u00fcnlerin g\u00fcvenli\u011fi ve \u00fcr\u00fcn \u00fczerindeki kalite uygulamalar\u0131m\u0131z\u0131n validasyonu en geli\u015fmi\u015f kalibre ara\u00e7lar ile sa\u011flanmaktad\u0131r.[\/vc_column_text][\/vc_column][\/vc_row][vc_row][vc_column width=&#8221;1\/4&#8243;]<div class=\"zoom_box\"><div class=\"photo\"><img class=\"scale-with-grid\" src=\"https:\/\/tmsrubber.com\/wp-content\/uploads\/2020\/01\/Rubber-Buffer-Type-AT-e1581168770127.png\" alt=\"\" width=\"\" height=\"\"\/><\/div><div class=\"desc\" style=\"background-color:rgba(190, 9, 9, 0.8);\"><div class=\"desc_wrap\"><div class=\"desc_txt\">Rubber Buffer Type AT<br \/>\n<\/div><\/div><\/div><\/div>\n[\/vc_column][vc_column width=&#8221;1\/4&#8243;]<div class=\"zoom_box\"><div class=\"photo\"><img class=\"scale-with-grid\" src=\"https:\/\/tmsrubber.com\/wp-content\/uploads\/2020\/01\/Rubber-Dampers-e1581168652129.png\" alt=\"\" width=\"\" height=\"\"\/><\/div><div class=\"desc\" style=\"background-color:rgba(190, 9, 9, 0.8);\"><div class=\"desc_wrap\"><div class=\"desc_txt\">Stop Buffers<br \/>\n<\/div><\/div><\/div><\/div>\n[\/vc_column][vc_column width=&#8221;1\/4&#8243;]<div class=\"zoom_box\"><div class=\"photo\"><img class=\"scale-with-grid\" src=\"https:\/\/tmsrubber.com\/wp-content\/uploads\/2020\/01\/Rubber-Buffer-Type-ES-e1581168847941.png\" alt=\"\" width=\"\" height=\"\"\/><\/div><div class=\"desc\" style=\"background-color:rgba(190, 9, 9, 0.8);\"><div class=\"desc_wrap\"><div class=\"desc_txt\">Rubber Buffer Type ES<br \/>\n<\/div><\/div><\/div><\/div>\n[\/vc_column][vc_column width=&#8221;1\/4&#8243;]<div class=\"zoom_box\"><div class=\"photo\"><img class=\"scale-with-grid\" src=\"https:\/\/tmsrubber.com\/wp-content\/uploads\/2020\/01\/Rubber-Bushes-e1581168735112.png\" alt=\"\" width=\"\" height=\"\"\/><\/div><div class=\"desc\" style=\"background-color:rgba(190, 9, 9, 0.8);\"><div class=\"desc_wrap\"><div class=\"desc_txt\">Rubber Bushes<br \/>\n<\/div><\/div><\/div><\/div>\n[\/vc_column][\/vc_row][vc_row][vc_column width=&#8221;1\/4&#8243;]<div class=\"zoom_box\"><div class=\"photo\"><img class=\"scale-with-grid\" src=\"https:\/\/tmsrubber.com\/wp-content\/uploads\/2020\/01\/Cone-Mounts-e1581168826663.png\" alt=\"\" width=\"\" height=\"\"\/><\/div><div class=\"desc\" style=\"background-color:rgba(190, 9, 9, 0.8);\"><div class=\"desc_wrap\"><div class=\"desc_txt\">Cone Mounts<\/div><\/div><\/div><\/div>\n[\/vc_column][vc_column width=&#8221;1\/4&#8243;]<div class=\"zoom_box\"><div class=\"photo\"><img class=\"scale-with-grid\" src=\"https:\/\/tmsrubber.com\/wp-content\/uploads\/2020\/01\/Control-Links.png\" alt=\"Control Links\" width=\"3000\" height=\"3000\"\/><\/div><div class=\"desc\" style=\"background-color:rgba(190, 9, 9, 0.8);\"><div class=\"desc_wrap\"><div class=\"desc_txt\">Control Links<br \/>\n<\/div><\/div><\/div><\/div>\n[\/vc_column][vc_column width=&#8221;1\/4&#8243;]<div class=\"zoom_box\"><div class=\"photo\"><img class=\"scale-with-grid\" src=\"https:\/\/tmsrubber.com\/wp-content\/uploads\/2020\/01\/Machine-Feets-2-e1581168862332.png\" alt=\"\" width=\"\" height=\"\"\/><\/div><div class=\"desc\" style=\"background-color:rgba(190, 9, 9, 0.8);\"><div class=\"desc_wrap\"><div class=\"desc_txt\">Machine Feets<br \/>\n<\/div><\/div><\/div><\/div>\n[\/vc_column][vc_column width=&#8221;1\/4&#8243;]<div class=\"zoom_box\"><div class=\"photo\"><img class=\"scale-with-grid\" src=\"https:\/\/tmsrubber.com\/wp-content\/uploads\/2020\/01\/Repair-Kit-e1581162691541.png\" alt=\"\" width=\"\" height=\"\"\/><\/div><div class=\"desc\" style=\"background-color:rgba(190, 9, 9, 0.8);\"><div class=\"desc_wrap\"><div class=\"desc_txt\">Repair Kit<br \/>\n<\/div><\/div><\/div><\/div>\n[\/vc_column][\/vc_row]<\/p>","protected":false},"excerpt":{"rendered":"<p>[vc_row css=&#8221;.vc_custom_1594292750625{padding-top: 20px !important;}&#8221;][vc_column][vc_column_text] T\u0130CAR\u0130 ARA\u00c7LAR VE KAMYONLAR Uzun y\u0131llara dayanan uzmanl\u0131\u011f\u0131 ve geni\u015f mesleki bilgi birikimi ile TMS Kau\u00e7uk, her t\u00fcrl\u00fc ticari ara\u00e7 i\u00e7in s\u00fcspansiyon<span class=\"excerpt-hellip\"> [\u2026]<\/span><\/p>\n","protected":false},"author":1,"featured_media":16,"parent":0,"menu_order":0,"comment_status":"open","ping_status":"open","template":"","meta":[],"_links":{"self":[{"href":"https:\/\/tmsrubber.com\/tr\/wp-json\/wp\/v2\/pages\/226"}],"collection":[{"href":"https:\/\/tmsrubber.com\/tr\/wp-json\/wp\/v2\/pages"}],"about":[{"href":"https:\/\/tmsrubber.com\/tr\/wp-json\/wp\/v2\/types\/page"}],"author":[{"embeddable":true,"href":"https:\/\/tmsrubber.com\/tr\/wp-json\/wp\/v2\/users\/1"}],"replies":[{"embeddable":true,"href":"https:\/\/tmsrubber.com\/tr\/wp-json\/wp\/v2\/comments?post=226"}],"version-history":[{"count":5,"href":"https:\/\/tmsrubber.com\/tr\/wp-json\/wp\/v2\/pages\/226\/revisions"}],"predecessor-version":[{"id":644,"href":"https:\/\/tmsrubber.com\/tr\/wp-json\/wp\/v2\/pages\/226\/revisions\/644"}],"wp:featuredmedia":[{"embeddable":true,"href":"https:\/\/tmsrubber.com\/tr\/wp-json\/wp\/v2\/media\/16"}],"wp:attachment":[{"href":"https:\/\/tmsrubber.com\/tr\/wp-json\/wp\/v2\/media?parent=226"}],"curies":[{"name":"wp","href":"https:\/\/api.w.org\/{rel}","templated":true}]}}