{"id":204,"date":"2020-01-17T10:35:10","date_gmt":"2020-01-17T07:35:10","guid":{"rendered":"https:\/\/tmsrubber.com\/?page_id=204"},"modified":"2020-07-09T14:26:51","modified_gmt":"2020-07-09T11:26:51","slug":"industrial-machinery","status":"publish","type":"page","link":"https:\/\/tmsrubber.com\/tr\/industrial-machinery\/","title":{"rendered":"END\u00dcSTR\u0130YEL MAK\u0130NELER"},"content":{"rendered":"<p>[vc_row css=&#8221;.vc_custom_1594292750625{padding-top: 20px !important;}&#8221;][vc_column][vc_column_text]<\/p>\n<h1 align=\"center\">END\u00dcSTR\u0130YEL MAK\u0130NELER<\/h1>\n<p>\u00c7ok \u00e7e\u015fitli end\u00fcstriyel uygulama alanlar\u0131nda 10 y\u0131l\u0131 a\u015fk\u0131n deneyimimiz, bilgi ve tecr\u00fcbemizi genel m\u00fchendislik ve ula\u015f\u0131m m\u00fchendisli\u011fi uygulamalar\u0131na en verimli \u015fekilde aktarmam\u0131z\u0131 sa\u011flam\u0131\u015ft\u0131r. M\u00fc\u015fteriye \u00f6zel gereksinimlere ba\u011fl\u0131 olarak, standart \u00fcr\u00fcn yelpazemizden t\u00fcretilen uyarlanm\u0131\u015f \u00e7\u00f6z\u00fcmler sunabilir veya alternatif olarak yeni ki\u015fiselle\u015ftirilmi\u015f \u00fcr\u00fcnler sa\u011flayabiliriz.[\/vc_column_text][\/vc_column][\/vc_row][vc_row][vc_column width=&#8221;1\/3&#8243;]<div class=\"zoom_box\"><div class=\"photo\"><img class=\"scale-with-grid\" src=\"https:\/\/tmsrubber.com\/wp-content\/uploads\/2020\/01\/Rubber-Buffer-Type-AT-e1581168770127.png\" alt=\"\" width=\"\" height=\"\"\/><\/div><div class=\"desc\" style=\"background-color:rgba(190, 9, 9, 0.8);\"><div class=\"desc_wrap\"><div class=\"desc_txt\">Rubber Buffer Type AT<br \/>\n<\/div><\/div><\/div><\/div>\n[\/vc_column][vc_column width=&#8221;1\/3&#8243;]<div class=\"zoom_box\"><div class=\"photo\"><img class=\"scale-with-grid\" src=\"https:\/\/tmsrubber.com\/wp-content\/uploads\/2020\/01\/Rubber-Buffer-Type-ES-e1581168847941.png\" alt=\"\" width=\"\" height=\"\"\/><\/div><div class=\"desc\" style=\"background-color:rgba(190, 9, 9, 0.8);\"><div class=\"desc_wrap\"><div class=\"desc_txt\">Rubber Buffer Type ES<br \/>\n<\/div><\/div><\/div><\/div>\n[\/vc_column][vc_column width=&#8221;1\/3&#8243;]<div class=\"zoom_box\"><div class=\"photo\"><img class=\"scale-with-grid\" src=\"https:\/\/tmsrubber.com\/wp-content\/uploads\/2020\/01\/Rubber-Buffer-Type-ES-e1581168847941.png\" alt=\"\" width=\"\" height=\"\"\/><\/div><div class=\"desc\" style=\"background-color:rgba(190, 9, 9, 0.8);\"><div class=\"desc_wrap\"><div class=\"desc_txt\">Rubber Buffer Type ES<br \/>\n<\/div><\/div><\/div><\/div>\n[\/vc_column][\/vc_row][vc_row][vc_column width=&#8221;1\/3&#8243;]<div class=\"zoom_box\"><div class=\"photo\"><img class=\"scale-with-grid\" src=\"https:\/\/tmsrubber.com\/wp-content\/uploads\/2020\/01\/Rubber-Bushes-e1581168735112.png\" alt=\"\" width=\"\" height=\"\"\/><\/div><div class=\"desc\" style=\"background-color:rgba(190, 9, 9, 0.8);\"><div class=\"desc_wrap\"><div class=\"desc_txt\">Rubber Bushes<br \/>\n<\/div><\/div><\/div><\/div>\n[\/vc_column][vc_column width=&#8221;1\/3&#8243;]<div class=\"zoom_box\"><div class=\"photo\"><img class=\"scale-with-grid\" src=\"https:\/\/tmsrubber.com\/wp-content\/uploads\/2020\/01\/Cone-Mounts-e1581168826663.png\" alt=\"\" width=\"\" height=\"\"\/><\/div><div class=\"desc\" style=\"background-color:rgba(190, 9, 9, 0.8);\"><div class=\"desc_wrap\"><div class=\"desc_txt\">Cone Mounts<br \/>\n<\/div><\/div><\/div><\/div>\n[\/vc_column][vc_column width=&#8221;1\/3&#8243;]<div class=\"zoom_box\"><div class=\"photo\"><img class=\"scale-with-grid\" src=\"https:\/\/tmsrubber.com\/wp-content\/uploads\/2020\/01\/Machine-Feets-2-e1581168862332.png\" alt=\"\" width=\"\" height=\"\"\/><\/div><div class=\"desc\" style=\"background-color:rgba(190, 9, 9, 0.8);\"><div class=\"desc_wrap\"><div class=\"desc_txt\">Machine Feets<br \/>\n<\/div><\/div><\/div><\/div>\n[\/vc_column][\/vc_row]<\/p>","protected":false},"excerpt":{"rendered":"<p>[vc_row css=&#8221;.vc_custom_1594292750625{padding-top: 20px !important;}&#8221;][vc_column][vc_column_text] END\u00dcSTR\u0130YEL MAK\u0130NELER \u00c7ok \u00e7e\u015fitli end\u00fcstriyel uygulama alanlar\u0131nda 10 y\u0131l\u0131 a\u015fk\u0131n deneyimimiz, bilgi ve tecr\u00fcbemizi genel m\u00fchendislik ve ula\u015f\u0131m m\u00fchendisli\u011fi uygulamalar\u0131na en verimli<span class=\"excerpt-hellip\"> [\u2026]<\/span><\/p>\n","protected":false},"author":1,"featured_media":16,"parent":0,"menu_order":0,"comment_status":"open","ping_status":"open","template":"","meta":[],"_links":{"self":[{"href":"https:\/\/tmsrubber.com\/tr\/wp-json\/wp\/v2\/pages\/204"}],"collection":[{"href":"https:\/\/tmsrubber.com\/tr\/wp-json\/wp\/v2\/pages"}],"about":[{"href":"https:\/\/tmsrubber.com\/tr\/wp-json\/wp\/v2\/types\/page"}],"author":[{"embeddable":true,"href":"https:\/\/tmsrubber.com\/tr\/wp-json\/wp\/v2\/users\/1"}],"replies":[{"embeddable":true,"href":"https:\/\/tmsrubber.com\/tr\/wp-json\/wp\/v2\/comments?post=204"}],"version-history":[{"count":2,"href":"https:\/\/tmsrubber.com\/tr\/wp-json\/wp\/v2\/pages\/204\/revisions"}],"predecessor-version":[{"id":475,"href":"https:\/\/tmsrubber.com\/tr\/wp-json\/wp\/v2\/pages\/204\/revisions\/475"}],"wp:featuredmedia":[{"embeddable":true,"href":"https:\/\/tmsrubber.com\/tr\/wp-json\/wp\/v2\/media\/16"}],"wp:attachment":[{"href":"https:\/\/tmsrubber.com\/tr\/wp-json\/wp\/v2\/media?parent=204"}],"curies":[{"name":"wp","href":"https:\/\/api.w.org\/{rel}","templated":true}]}}