{"id":193,"date":"2020-01-17T10:28:44","date_gmt":"2020-01-17T07:28:44","guid":{"rendered":"https:\/\/tmsrubber.com\/?page_id=193"},"modified":"2021-07-12T15:03:06","modified_gmt":"2021-07-12T12:03:06","slug":"construction-machinery","status":"publish","type":"page","link":"https:\/\/tmsrubber.com\/tr\/construction-machinery\/","title":{"rendered":"\u0130\u015e MAK\u0130NELER\u0130"},"content":{"rendered":"<p>[vc_row css=&#8221;.vc_custom_1594292750625{padding-top: 20px !important;}&#8221;][vc_column][vc_column_text]<\/p>\n<h1 align=\"center\">\u0130\u015e MAK\u0130NELER\u0130<\/h1>\n<p>TMS Kau\u00e7uk olarak, orijinal ve sat\u0131\u015f sonras\u0131 par\u00e7alarda rakipsiz fiyat, kalite ve hizmet sunmak i\u00e7in d\u00fcnyan\u0131n en \u00f6nemli makine \u00fcreticileri ile birlikte \u00e7al\u0131\u015f\u0131yoruz. TMS Kau\u00e7uk \u00fcr\u00fcnleri, ayn\u0131 anda hareket eden karma\u015f\u0131k g\u00fc\u00e7, yer de\u011fi\u015ftirme ve frekans kombinasyonlar\u0131na maruz kalan in\u015faat makinelerinin gereksinimlerini kar\u015f\u0131lar. TMS Kau\u00e7uk olarak i\u015f makineleriniz i\u00e7in en geni\u015f yedek par\u00e7a se\u00e7imini sunmak i\u00e7in geni\u015f bir \u00fcretici ve distrib\u00fct\u00f6r a\u011f\u0131na sahip durumday\u0131z. M\u00fc\u015fterilerimize Caterpillar, Komatsu, Volvo, ZF, BOMAG gibi markalar\u0131n makineleri i\u00e7in gerekli testleri sa\u011flayan en y\u00fcksek kalitede uygun \u00fcr\u00fcnler sunuyoruz. \u00d6zel imalat olarak m\u00fc\u015fterilerimizin \u00f6zel istekleri do\u011frultusunda firmalara \u00f6zel \u00fcretim yapabilmekteyiz.[\/vc_column_text][\/vc_column][\/vc_row][vc_row][vc_column width=&#8221;1\/4&#8243;]<div class=\"zoom_box\"><div class=\"photo\"><img class=\"scale-with-grid\" src=\"https:\/\/tmsrubber.com\/wp-content\/uploads\/2020\/01\/Repair-Kit-e1581162691541.png\" alt=\"\" width=\"\" height=\"\"\/><\/div><div class=\"desc\" style=\"background-color:rgba(190, 9, 9, 0.8);\"><div class=\"desc_wrap\"><div class=\"desc_txt\">Spherical Bearings<br \/>\n<\/div><\/div><\/div><\/div>\n[\/vc_column][vc_column width=&#8221;1\/4&#8243;]<div class=\"zoom_box\"><div class=\"photo\"><img class=\"scale-with-grid\" src=\"https:\/\/tmsrubber.com\/wp-content\/uploads\/2020\/01\/Rubber-Buffer-Type-AT-e1581168770127.png\" alt=\"\" width=\"\" height=\"\"\/><\/div><div class=\"desc\" style=\"background-color:rgba(190, 9, 9, 0.8);\"><div class=\"desc_wrap\"><div class=\"desc_txt\">Rubber Buffer Type AT<br \/>\n<\/div><\/div><\/div><\/div>\n[\/vc_column][vc_column width=&#8221;1\/4&#8243;]<div class=\"zoom_box\"><div class=\"photo\"><img class=\"scale-with-grid\" src=\"https:\/\/tmsrubber.com\/wp-content\/uploads\/2020\/01\/Rubber-Buffer-Type-ES-e1581168847941.png\" alt=\"\" width=\"\" height=\"\"\/><\/div><div class=\"desc\" style=\"background-color:rgba(190, 9, 9, 0.8);\"><div class=\"desc_wrap\"><div class=\"desc_txt\">Rubber Buffer Type ES<br \/>\n<\/div><\/div><\/div><\/div>\n[\/vc_column][vc_column width=&#8221;1\/4&#8243;]<div class=\"zoom_box\"><div class=\"photo\"><img class=\"scale-with-grid\" src=\"https:\/\/tmsrubber.com\/wp-content\/uploads\/2020\/01\/Rubber-Buffer-Hamm-e1581168837814.png\" alt=\"\" width=\"\" height=\"\"\/><\/div><div class=\"desc\" style=\"background-color:rgba(190, 9, 9, 0.8);\"><div class=\"desc_wrap\"><div class=\"desc_txt\">Rubber Buffer Hamm<br \/>\n<\/div><\/div><\/div><\/div>\n[\/vc_column][\/vc_row][vc_row][vc_column width=&#8221;1\/4&#8243;]<div class=\"zoom_box\"><div class=\"photo\"><img class=\"scale-with-grid\" src=\"https:\/\/tmsrubber.com\/wp-content\/uploads\/2020\/01\/Rubber-Buffer-Bomag-e1581168761422.png\" alt=\"\" width=\"\" height=\"\"\/><\/div><div class=\"desc\" style=\"background-color:rgba(190, 9, 9, 0.8);\"><div class=\"desc_wrap\"><div class=\"desc_txt\">Rubber Buffer Bomag<br \/>\n<\/div><\/div><\/div><\/div>\n[\/vc_column][vc_column width=&#8221;1\/4&#8243;]<div class=\"zoom_box\"><div class=\"photo\"><img class=\"scale-with-grid\" src=\"https:\/\/tmsrubber.com\/wp-content\/uploads\/2020\/01\/Rubber-Bushes-e1581168735112.png\" alt=\"\" width=\"\" height=\"\"\/><\/div><div class=\"desc\" style=\"background-color:rgba(190, 9, 9, 0.8);\"><div class=\"desc_wrap\"><div class=\"desc_txt\">Rubber Bushes<br \/>\n<\/div><\/div><\/div><\/div>\n[\/vc_column][vc_column width=&#8221;1\/4&#8243;]<div class=\"zoom_box\"><div class=\"photo\"><img class=\"scale-with-grid\" src=\"https:\/\/tmsrubber.com\/wp-content\/uploads\/2020\/01\/Machine-Feets-e1581168814622.png\" alt=\"\" width=\"\" height=\"\"\/><\/div><div class=\"desc\" style=\"background-color:rgba(190, 9, 9, 0.8);\"><div class=\"desc_wrap\"><div class=\"desc_txt\">Machine Feets<br \/>\n<\/div><\/div><\/div><\/div>\n[\/vc_column][vc_column width=&#8221;1\/4&#8243;]<div class=\"zoom_box\"><div class=\"photo\"><img class=\"scale-with-grid\" src=\"https:\/\/tmsrubber.com\/wp-content\/uploads\/2020\/01\/Chevron-Springs-e1581168720599.png\" alt=\"\" width=\"\" height=\"\"\/><\/div><div class=\"desc\" style=\"background-color:rgba(190, 9, 9, 0.8);\"><div class=\"desc_wrap\"><div class=\"desc_txt\">Chevron Springs<br \/>\n<\/div><\/div><\/div><\/div>\n[\/vc_column][\/vc_row]<\/p>","protected":false},"excerpt":{"rendered":"<p>[vc_row css=&#8221;.vc_custom_1594292750625{padding-top: 20px !important;}&#8221;][vc_column][vc_column_text] \u0130\u015e MAK\u0130NELER\u0130 TMS Kau\u00e7uk olarak, orijinal ve sat\u0131\u015f sonras\u0131 par\u00e7alarda rakipsiz fiyat, kalite ve hizmet sunmak i\u00e7in d\u00fcnyan\u0131n en \u00f6nemli makine \u00fcreticileri<span class=\"excerpt-hellip\"> [\u2026]<\/span><\/p>\n","protected":false},"author":1,"featured_media":16,"parent":0,"menu_order":0,"comment_status":"open","ping_status":"open","template":"","meta":[],"_links":{"self":[{"href":"https:\/\/tmsrubber.com\/tr\/wp-json\/wp\/v2\/pages\/193"}],"collection":[{"href":"https:\/\/tmsrubber.com\/tr\/wp-json\/wp\/v2\/pages"}],"about":[{"href":"https:\/\/tmsrubber.com\/tr\/wp-json\/wp\/v2\/types\/page"}],"author":[{"embeddable":true,"href":"https:\/\/tmsrubber.com\/tr\/wp-json\/wp\/v2\/users\/1"}],"replies":[{"embeddable":true,"href":"https:\/\/tmsrubber.com\/tr\/wp-json\/wp\/v2\/comments?post=193"}],"version-history":[{"count":5,"href":"https:\/\/tmsrubber.com\/tr\/wp-json\/wp\/v2\/pages\/193\/revisions"}],"predecessor-version":[{"id":645,"href":"https:\/\/tmsrubber.com\/tr\/wp-json\/wp\/v2\/pages\/193\/revisions\/645"}],"wp:featuredmedia":[{"embeddable":true,"href":"https:\/\/tmsrubber.com\/tr\/wp-json\/wp\/v2\/media\/16"}],"wp:attachment":[{"href":"https:\/\/tmsrubber.com\/tr\/wp-json\/wp\/v2\/media?parent=193"}],"curies":[{"name":"wp","href":"https:\/\/api.w.org\/{rel}","templated":true}]}}