{"id":151,"date":"2019-12-17T15:56:31","date_gmt":"2019-12-17T12:56:31","guid":{"rendered":"https:\/\/tmsrubber.com\/?page_id=151"},"modified":"2021-07-12T15:11:47","modified_gmt":"2021-07-12T12:11:47","slug":"rubber-compound","status":"publish","type":"page","link":"https:\/\/tmsrubber.com\/tr\/rubber-compound\/","title":{"rendered":"KAU\u00c7UK B\u0130LE\u015e\u0130\u011e\u0130"},"content":{"rendered":"<p>[vc_row css=&#8221;.vc_custom_1594296142485{padding-top: 40px !important;}&#8221;][vc_column width=&#8221;1\/2&#8243;][vc_single_image image=&#8221;305&#8243; img_size=&#8221;medium&#8221; alignment=&#8221;center&#8221;][\/vc_column][vc_column width=&#8221;1\/2&#8243;][vc_column_text]<\/p>\n<h3>KAU\u00c7UK B\u0130LE\u015e\u0130\u011e\u0130<\/h3>\n<p>TMS Kau\u00e7uk, m\u00fc\u015fteri spesifikasyonlar\u0131na g\u00f6re kau\u00e7uk bile\u015fikleri \u00fcretebilir, test edebilir ve teslim edebilir. TMS Kau\u00e7uk m\u00fc\u015fteri bazl\u0131 tarifler \u00fcretebilir veya m\u00fc\u015fterilerin talep etti\u011fi \u00fcr\u00fcnlerle ilgili tarifler olu\u015fturabilir. TMS Kau\u00e7uk, i\u015flem s\u0131ras\u0131nda \u00e7e\u015fitli testler uygulayarak y\u00fcksek kaliteli kau\u00e7uk bile\u015fikleri sa\u011flar. Otomotiv ve ticari ara\u00e7, TMS&#8217;nin kau\u00e7uk bile\u015fikleri rekabet\u00e7i fiyat sundu\u011fu i\u00e7in sa\u011flad\u0131\u011f\u0131 malzeme elle\u00e7leme de dahil olmak \u00fczere \u00e7e\u015fitli end\u00fcstriler vard\u0131r.<br \/>\nTMS Kau\u00e7uk bu t\u00fcr kau\u00e7uk bile\u015fiklerinde deneyimlidir; NR Naturel Kau\u00e7uk, SBR Stiren B\u00fctadien, IR Polisopren Kau\u00e7uk, EPDM Etilen Propilen, NBR Nitril, HNBR Hidrojenlenmi\u015f Nitril, XNBR Karboksillenmi\u015f Nitril.[\/vc_column_text][\/vc_column][\/vc_row]<\/p>","protected":false},"excerpt":{"rendered":"<p>[vc_row css=&#8221;.vc_custom_1594296142485{padding-top: 40px !important;}&#8221;][vc_column width=&#8221;1\/2&#8243;][vc_single_image image=&#8221;305&#8243; img_size=&#8221;medium&#8221; alignment=&#8221;center&#8221;][\/vc_column][vc_column width=&#8221;1\/2&#8243;][vc_column_text] KAU\u00c7UK B\u0130LE\u015e\u0130\u011e\u0130 TMS Kau\u00e7uk, m\u00fc\u015fteri spesifikasyonlar\u0131na g\u00f6re kau\u00e7uk bile\u015fikleri \u00fcretebilir, test edebilir ve teslim edebilir. TMS Kau\u00e7uk<span class=\"excerpt-hellip\"> [\u2026]<\/span><\/p>\n","protected":false},"author":1,"featured_media":16,"parent":0,"menu_order":0,"comment_status":"open","ping_status":"open","template":"","meta":[],"_links":{"self":[{"href":"https:\/\/tmsrubber.com\/tr\/wp-json\/wp\/v2\/pages\/151"}],"collection":[{"href":"https:\/\/tmsrubber.com\/tr\/wp-json\/wp\/v2\/pages"}],"about":[{"href":"https:\/\/tmsrubber.com\/tr\/wp-json\/wp\/v2\/types\/page"}],"author":[{"embeddable":true,"href":"https:\/\/tmsrubber.com\/tr\/wp-json\/wp\/v2\/users\/1"}],"replies":[{"embeddable":true,"href":"https:\/\/tmsrubber.com\/tr\/wp-json\/wp\/v2\/comments?post=151"}],"version-history":[{"count":7,"href":"https:\/\/tmsrubber.com\/tr\/wp-json\/wp\/v2\/pages\/151\/revisions"}],"predecessor-version":[{"id":651,"href":"https:\/\/tmsrubber.com\/tr\/wp-json\/wp\/v2\/pages\/151\/revisions\/651"}],"wp:featuredmedia":[{"embeddable":true,"href":"https:\/\/tmsrubber.com\/tr\/wp-json\/wp\/v2\/media\/16"}],"wp:attachment":[{"href":"https:\/\/tmsrubber.com\/tr\/wp-json\/wp\/v2\/media?parent=151"}],"curies":[{"name":"wp","href":"https:\/\/api.w.org\/{rel}","templated":true}]}}