{"id":100,"date":"2019-12-16T20:27:35","date_gmt":"2019-12-16T17:27:35","guid":{"rendered":"https:\/\/tmsrubber.com\/?page_id=100"},"modified":"2021-07-12T15:14:33","modified_gmt":"2021-07-12T12:14:33","slug":"testing-capabilities","status":"publish","type":"page","link":"https:\/\/tmsrubber.com\/tr\/testing-capabilities\/","title":{"rendered":"TEST YETENEKLER\u0130M\u0130Z"},"content":{"rendered":"<p>[vc_row css=&#8221;.vc_custom_1594291771620{border-bottom-width: 0px !important;padding-top: 30px !important;}&#8221;][vc_column width=&#8221;1\/2&#8243;][vc_column_text]<\/p>\n<div>\n<h3>Statik Testler<\/h3>\n<p>TMS Kau\u00e7uk, bir noktada veya noktalar toplulu\u011funda dalgalanan gerilmeler ve yeterli say\u0131da dalgalanmadan sonra \u00e7atlak veya tam k\u0131r\u0131lma ile sonu\u00e7lanabilen ko\u015fullara maruz kalan bir malzemede meydana gelen a\u015famal\u0131 lokalize kal\u0131c\u0131 yap\u0131sal de\u011fi\u015fiklik s\u00fcrecini test eder.<\/p>\n<\/div>\n<div>\n<h3>Yorulma Dayan\u0131m\u0131 Testleri<\/h3>\n<p>TMS Kau\u00e7uk, \u00fcr\u00fcn\u00fcn belirli bir s\u00fcre boyunca belirli bir y\u00fcke dayan\u0131p dayanamayaca\u011f\u0131n\u0131 ve bir malzemenin eksenel, radyal, burulma ve sertlik de\u011ferinin ne oldu\u011funu belirlemek i\u00e7in statik test makineleri kullanarak statik testler uygular ve malzemenin elastikiyetini hangi noktada kaybetti\u011fini belirler.<\/p>\n<\/div>\n<p>[\/vc_column_text][\/vc_column][vc_column width=&#8221;1\/2&#8243;][vc_single_image image=&#8221;321&#8243; img_size=&#8221;medium&#8221;][\/vc_column][\/vc_row][vc_row css=&#8221;.vc_custom_1594291768362{padding-top: 0px !important;}&#8221;][vc_column width=&#8221;1\/2&#8243;][vc_single_image image=&#8221;322&#8243; img_size=&#8221;medium&#8221;][\/vc_column][vc_column width=&#8221;1\/2&#8243;][vc_column_text]<\/p>\n<div>\n<h3>Dinamik Testler<\/h3>\n<p>TMS Kau\u00e7uk, modern dinamik test makineleri ile gerilim y\u00fck\u00fcn\u00fc h\u0131zl\u0131 bir \u015fekilde vererek dinamik testler uygular. Gerilimin uygulanma h\u0131z\u0131n\u0131 artt\u0131rarak, TMS Kau\u00e7uk malzemenin (veya t\u00fcm sistemin) ani bir stres art\u0131\u015f\u0131na tepki verme yetene\u011fini test edebilir.<\/p>\n<\/div>\n<div>\n<h3>Hasar Hesaplamalar\u0131<\/h3>\n<p>TMS Kau\u00e7uk taraf\u0131ndan gelecekteki ba\u015far\u0131s\u0131zl\u0131klar\u0131 \u00f6nlemek ve \u00f6nceki tecr\u00fcbelerden faydalanarak olas\u0131 riskleri de g\u00f6z \u00f6n\u00fcne alarak hasar hesaplamalar\u0131 yap\u0131l\u0131r. Bu \u00e7al\u0131\u015fma ile hem m\u00fc\u015fteri baz\u0131nda hem de tedarik\u00e7i baz\u0131nda \u00fcr\u00fcn ar\u0131zas\u0131, itibar kayb\u0131 ve pahal\u0131 dava masraflar\u0131ndan kaynaklanan maliyetlerden ka\u00e7\u0131n\u0131lmas\u0131 hedeflenmektedir.<\/p>\n<\/div>\n<p>[\/vc_column_text][\/vc_column][\/vc_row]<\/p>","protected":false},"excerpt":{"rendered":"<p>[vc_row css=&#8221;.vc_custom_1594291771620{border-bottom-width: 0px !important;padding-top: 30px !important;}&#8221;][vc_column width=&#8221;1\/2&#8243;][vc_column_text] Statik Testler TMS Kau\u00e7uk, bir noktada veya noktalar toplulu\u011funda dalgalanan gerilmeler ve yeterli say\u0131da dalgalanmadan sonra \u00e7atlak veya tam<span class=\"excerpt-hellip\"> [\u2026]<\/span><\/p>\n","protected":false},"author":1,"featured_media":16,"parent":0,"menu_order":0,"comment_status":"open","ping_status":"open","template":"","meta":[],"_links":{"self":[{"href":"https:\/\/tmsrubber.com\/tr\/wp-json\/wp\/v2\/pages\/100"}],"collection":[{"href":"https:\/\/tmsrubber.com\/tr\/wp-json\/wp\/v2\/pages"}],"about":[{"href":"https:\/\/tmsrubber.com\/tr\/wp-json\/wp\/v2\/types\/page"}],"author":[{"embeddable":true,"href":"https:\/\/tmsrubber.com\/tr\/wp-json\/wp\/v2\/users\/1"}],"replies":[{"embeddable":true,"href":"https:\/\/tmsrubber.com\/tr\/wp-json\/wp\/v2\/comments?post=100"}],"version-history":[{"count":9,"href":"https:\/\/tmsrubber.com\/tr\/wp-json\/wp\/v2\/pages\/100\/revisions"}],"predecessor-version":[{"id":654,"href":"https:\/\/tmsrubber.com\/tr\/wp-json\/wp\/v2\/pages\/100\/revisions\/654"}],"wp:featuredmedia":[{"embeddable":true,"href":"https:\/\/tmsrubber.com\/tr\/wp-json\/wp\/v2\/media\/16"}],"wp:attachment":[{"href":"https:\/\/tmsrubber.com\/tr\/wp-json\/wp\/v2\/media?parent=100"}],"curies":[{"name":"wp","href":"https:\/\/api.w.org\/{rel}","templated":true}]}}